{"id":41,"date":"2021-01-03T16:45:24","date_gmt":"2021-01-03T16:45:24","guid":{"rendered":"https:\/\/nohack.de\/?page_id=41"},"modified":"2021-01-04T19:11:02","modified_gmt":"2021-01-04T19:11:02","slug":"freie-tools","status":"publish","type":"page","link":"https:\/\/nohack.de\/?page_id=41","title":{"rendered":"Freie Tools"},"content":{"rendered":"\n<h2 class=\"wp-block-heading\"><a href=\"https:\/\/nohack.de\/?page_id=2\" data-type=\"page\" data-id=\"2\">nhsslTestSuite<\/a><\/h2>\n\n\n\n<p style=\"line-height:1.2\">Testet die G\u00fcltigkeit von Webserver Zertifikaten.<br>Zeigt unterst\u00fctzte Protokolle und Cipher des Webservers an.<\/p>\n\n\n\n<p style=\"line-height:1.1\">JEGLICHE NUTZUNG UNSERER SOFTWARE GESCHIEHT AUF EIGENE GEFAHR. DIE SOFTWARE WIRD SO WIE SIE IST ZUR VERF\u00dcGUNG GESTELLT. WIR \u00dcBERNEHMEN KEINERLEI HAFTUNG UND KEINERLEI VERANTWORTUNG F\u00dcR DEN EVENTUELLEN VERLUST VON DATEN.<\/p>\n","protected":false},"excerpt":{"rendered":"<p>nhsslTestSuite Testet die G\u00fcltigkeit von Webserver Zertifikaten.Zeigt unterst\u00fctzte Protokolle und Cipher des Webservers an. JEGLICHE NUTZUNG UNSERER SOFTWARE GESCHIEHT AUF EIGENE GEFAHR. DIE SOFTWARE WIRD SO WIE SIE IST ZUR VERF\u00dcGUNG GESTELLT. WIR \u00dcBERNEHMEN KEINERLEI HAFTUNG UND KEINERLEI VERANTWORTUNG F\u00dcR DEN EVENTUELLEN VERLUST VON DATEN.<\/p>\n","protected":false},"author":1,"featured_media":0,"parent":0,"menu_order":0,"comment_status":"closed","ping_status":"closed","template":"","meta":{"footnotes":""},"class_list":["post-41","page","type-page","status-publish","hentry"],"_links":{"self":[{"href":"https:\/\/nohack.de\/index.php?rest_route=\/wp\/v2\/pages\/41"}],"collection":[{"href":"https:\/\/nohack.de\/index.php?rest_route=\/wp\/v2\/pages"}],"about":[{"href":"https:\/\/nohack.de\/index.php?rest_route=\/wp\/v2\/types\/page"}],"author":[{"embeddable":true,"href":"https:\/\/nohack.de\/index.php?rest_route=\/wp\/v2\/users\/1"}],"replies":[{"embeddable":true,"href":"https:\/\/nohack.de\/index.php?rest_route=%2Fwp%2Fv2%2Fcomments&post=41"}],"version-history":[{"count":7,"href":"https:\/\/nohack.de\/index.php?rest_route=\/wp\/v2\/pages\/41\/revisions"}],"predecessor-version":[{"id":63,"href":"https:\/\/nohack.de\/index.php?rest_route=\/wp\/v2\/pages\/41\/revisions\/63"}],"wp:attachment":[{"href":"https:\/\/nohack.de\/index.php?rest_route=%2Fwp%2Fv2%2Fmedia&parent=41"}],"curies":[{"name":"wp","href":"https:\/\/api.w.org\/{rel}","templated":true}]}}