{"id":2,"date":"2021-01-03T16:13:22","date_gmt":"2021-01-03T16:13:22","guid":{"rendered":"https:\/\/nohack.de\/?page_id=2"},"modified":"2021-01-06T17:49:57","modified_gmt":"2021-01-06T17:49:57","slug":"sample-page","status":"publish","type":"page","link":"https:\/\/nohack.de\/?page_id=2","title":{"rendered":"nhsslTestSuite"},"content":{"rendered":"\n<p style=\"line-height:1.2\">Testet die G\u00fcltigkeit von Webserver Zertifikaten.<br>Zeigt unterst\u00fctzte Protokolle und Cipher des Webservers an.<\/p>\n\n\n\n<p style=\"line-height:1.2\">Version 5.0 &#8211; Unterst\u00fctzung von TLS v1.2<br>Ciphercheck nach dem BSI Vorgaben vom 28.02.2020<\/p>\n\n\n\n<div class=\"wp-block-file\"><a href=\"https:\/\/nohack.de\/wp-content\/uploads\/2021\/01\/nhsslTestSuite.zip\">nhsslTestSuite<\/a><\/div>\n\n\n\n<p style=\"line-height:1.1\">JEGLICHE NUTZUNG UNSERER SOFTWARE GESCHIEHT AUF EIGENE GEFAHR. DIE SOFTWARE WIRD SO WIE SIE IST ZUR VERF\u00dcGUNG GESTELLT. WIR \u00dcBERNEHMEN KEINERLEI HAFTUNG UND KEINERLEI VERANTWORTUNG F\u00dcR DEN EVENTUELLEN VERLUST VON DATEN.<\/p>\n","protected":false},"excerpt":{"rendered":"<p>Testet die G\u00fcltigkeit von Webserver Zertifikaten.Zeigt unterst\u00fctzte Protokolle und Cipher des Webservers an. Version 5.0 &#8211; Unterst\u00fctzung von TLS v1.2Ciphercheck nach dem BSI Vorgaben vom 28.02.2020 JEGLICHE NUTZUNG UNSERER SOFTWARE GESCHIEHT AUF EIGENE GEFAHR. DIE SOFTWARE WIRD SO WIE SIE IST ZUR VERF\u00dcGUNG GESTELLT. WIR \u00dcBERNEHMEN KEINERLEI HAFTUNG UND KEINERLEI VERANTWORTUNG F\u00dcR DEN EVENTUELLEN VERLUST [&hellip;]<\/p>\n","protected":false},"author":1,"featured_media":0,"parent":0,"menu_order":0,"comment_status":"closed","ping_status":"open","template":"","meta":{"footnotes":""},"class_list":["post-2","page","type-page","status-publish","hentry"],"_links":{"self":[{"href":"https:\/\/nohack.de\/index.php?rest_route=\/wp\/v2\/pages\/2"}],"collection":[{"href":"https:\/\/nohack.de\/index.php?rest_route=\/wp\/v2\/pages"}],"about":[{"href":"https:\/\/nohack.de\/index.php?rest_route=\/wp\/v2\/types\/page"}],"author":[{"embeddable":true,"href":"https:\/\/nohack.de\/index.php?rest_route=\/wp\/v2\/users\/1"}],"replies":[{"embeddable":true,"href":"https:\/\/nohack.de\/index.php?rest_route=%2Fwp%2Fv2%2Fcomments&post=2"}],"version-history":[{"count":7,"href":"https:\/\/nohack.de\/index.php?rest_route=\/wp\/v2\/pages\/2\/revisions"}],"predecessor-version":[{"id":122,"href":"https:\/\/nohack.de\/index.php?rest_route=\/wp\/v2\/pages\/2\/revisions\/122"}],"wp:attachment":[{"href":"https:\/\/nohack.de\/index.php?rest_route=%2Fwp%2Fv2%2Fmedia&parent=2"}],"curies":[{"name":"wp","href":"https:\/\/api.w.org\/{rel}","templated":true}]}}